{"id":12,"date":"2018-01-24T15:34:21","date_gmt":"2018-01-24T15:34:21","guid":{"rendered":"http:\/\/friseursalon-elke.de\/?page_id=12"},"modified":"2023-01-20T14:27:32","modified_gmt":"2023-01-20T14:27:32","slug":"home","status":"publish","type":"page","link":"https:\/\/friseursalon-elke.de\/","title":{"rendered":"Home"},"content":{"rendered":"\n<div class=\"wp-block-image\"><figure class=\"aligncenter\"><img loading=\"lazy\" decoding=\"async\" width=\"1231\" height=\"695\" src=\"https:\/\/friseursalon-elke.de\/wp-content\/uploads\/2018\/01\/Header_7-e1612874829268.png\" alt=\"\" class=\"wp-image-69\" srcset=\"https:\/\/friseursalon-elke.de\/wp-content\/uploads\/2018\/01\/Header_7-e1612874829268.png 1231w, https:\/\/friseursalon-elke.de\/wp-content\/uploads\/2018\/01\/Header_7-e1612874829268-300x169.png 300w, https:\/\/friseursalon-elke.de\/wp-content\/uploads\/2018\/01\/Header_7-e1612874829268-768x434.png 768w, https:\/\/friseursalon-elke.de\/wp-content\/uploads\/2018\/01\/Header_7-e1612874829268-1024x578.png 1024w\" sizes=\"auto, (max-width: 1231px) 100vw, 1231px\" \/><\/figure><\/div>\n\n\n\n<h3 class=\"wp-block-heading\"><strong>HERZLICH WILLKOMMEN BEI ELKE SCHRETZENMAYER<\/strong><br>Friseur und dekorative Kosmetik in Z\u00f6schingen<br><\/h3>\n\n\n\n<pre class=\"wp-block-preformatted\"><span class=\"has-inline-color has-white-color\"><\/span><\/pre>\n\n\n\n<p> <\/p>\n\n\n\n<div class=\"wp-block-columns is-layout-flex wp-container-core-columns-is-layout-28f84493 wp-block-columns-is-layout-flex\">\n<div class=\"wp-block-column is-layout-flow wp-block-column-is-layout-flow\" style=\"flex-basis:33.33%\">\n<figure class=\"wp-block-image size-large\"><img loading=\"lazy\" decoding=\"async\" width=\"717\" height=\"1024\" src=\"https:\/\/friseursalon-elke.de\/wp-content\/uploads\/2018\/02\/02_Elke_DSC05497-717x1024.jpg\" alt=\"\" class=\"wp-image-189\" srcset=\"https:\/\/friseursalon-elke.de\/wp-content\/uploads\/2018\/02\/02_Elke_DSC05497-717x1024.jpg 717w, https:\/\/friseursalon-elke.de\/wp-content\/uploads\/2018\/02\/02_Elke_DSC05497-210x300.jpg 210w, https:\/\/friseursalon-elke.de\/wp-content\/uploads\/2018\/02\/02_Elke_DSC05497-768x1097.jpg 768w\" sizes=\"auto, (max-width: 717px) 100vw, 717px\" \/><\/figure>\n<\/div>\n\n\n\n<div class=\"wp-block-column is-layout-flow wp-block-column-is-layout-flow\" style=\"flex-basis:66.66%\">\n<p><strong><\/strong><strong style=\"font-size: 16px;\"> Unser Beruf ist unsere Leidenschaft.<\/strong><\/p>\n\n\n\n<p>Es ist die Kombination aus Technik, Gesp\u00fcr f\u00fcr Formen und Farben sowie Kreativit\u00e4t gepaart mit ehrlichem Handwerk, was in unserem Salon jeden Tag aufs Neue typgerechte Stylings entstehen l\u00e4sst.<\/p>\n\n\n\n<p>Unsere Arbeiten sind immer Unikate und werden von uns mit viel Feingef\u00fchl und entsprechendem Zeitaufwand sehr gewissenhaft ausgef\u00fchrt. Denn bei uns steht der Kunde im Mittelpunkt. Erleben Sie exklusive Schnitte und angesagte Farben, perfekte Stylings und aktuelle Trends in entspannter und angenehmer Atmosph\u00e4re.<\/p>\n\n\n\n<p>&#8222;Ich bin eine kreative Pers\u00f6nlichkeit, inspiriert von ehrlichem Handwerk und nat\u00fcrlicher Sch\u00f6nheit. Als gute Zuh\u00f6rerin mit einem Blick f\u00fcr die Bed\u00fcrfnisse meiner Kunden entwickele ich individuelle und typgerechte Stylings. Meine langj\u00e4hrige Erfahrung gebe ich gerne in F\u00f6hnkursen und Workshops f\u00fcr dekorative Kosmetik an meine Kunden weiter.&#8220; <br><em><strong>Elke Schretzenmayer<\/strong> | Inhaberin und Friseurmeisterin<\/em><\/p>\n<\/div>\n<\/div>\n\n\n\n<p><em>Lernen Sie uns pers\u00f6nlich kennen! Wir freuen uns auf Ihren Besuch.<\/em><\/p>\n\n\n\n<p><em><br><\/em><\/p>\n\n\n\n<div class=\"wp-block-columns is-layout-flex wp-container-core-columns-is-layout-28f84493 wp-block-columns-is-layout-flex\">\n<div class=\"wp-block-column is-layout-flow wp-block-column-is-layout-flow\" style=\"flex-basis:100%\">\n<div class=\"wp-block-columns is-layout-flex wp-container-core-columns-is-layout-28f84493 wp-block-columns-is-layout-flex\">\n<div class=\"wp-block-column is-layout-flow wp-block-column-is-layout-flow\" style=\"flex-basis:100%\">\n<div class=\"wp-block-columns is-layout-flex wp-container-core-columns-is-layout-28f84493 wp-block-columns-is-layout-flex\"><\/div>\n<\/div>\n<\/div>\n<\/div>\n<\/div>\n\n\n\n<div class=\"wp-block-columns is-layout-flex wp-container-core-columns-is-layout-28f84493 wp-block-columns-is-layout-flex\">\n<div class=\"wp-block-column is-layout-flow wp-block-column-is-layout-flow\" style=\"flex-basis:66.66%\"><\/div>\n\n\n\n<div class=\"wp-block-column is-layout-flow wp-block-column-is-layout-flow\" style=\"flex-basis:33.33%\"><\/div>\n<\/div>\n","protected":false},"excerpt":{"rendered":"<p>HERZLICH WILLKOMMEN BEI ELKE SCHRETZENMAYERFriseur und dekorative Kosmetik in Z\u00f6schingen Unser Beruf ist unsere Leidenschaft. Es ist die Kombination aus Technik, Gesp\u00fcr f\u00fcr Formen und Farben sowie Kreativit\u00e4t gepaart mit ehrlichem Handwerk, was in unserem Salon jeden Tag aufs Neue typgerechte Stylings entstehen l\u00e4sst. Unsere Arbeiten sind immer Unikate und werden von uns mit viel [&hellip;]<\/p>\n","protected":false},"author":2,"featured_media":0,"parent":0,"menu_order":1,"comment_status":"closed","ping_status":"closed","template":"","meta":{"site-sidebar-layout":"default","site-content-layout":"default","ast-site-content-layout":"default","site-content-style":"default","site-sidebar-style":"default","ast-global-header-display":"","ast-banner-title-visibility":"","ast-main-header-display":"","ast-hfb-above-header-display":"","ast-hfb-below-header-display":"","ast-hfb-mobile-header-display":"","site-post-title":"disabled","ast-breadcrumbs-content":"","ast-featured-img":"","footer-sml-layout":"","ast-disable-related-posts":"","theme-transparent-header-meta":"default","adv-header-id-meta":"","stick-header-meta":"","header-above-stick-meta":"","header-main-stick-meta":"","header-below-stick-meta":"","astra-migrate-meta-layouts":"default","ast-page-background-enabled":"default","ast-page-background-meta":{"desktop":{"background-color":"","background-image":"","background-repeat":"repeat","background-position":"center center","background-size":"auto","background-attachment":"scroll","background-type":"","background-media":"","overlay-type":"","overlay-color":"","overlay-opacity":"","overlay-gradient":""},"tablet":{"background-color":"","background-image":"","background-repeat":"repeat","background-position":"center center","background-size":"auto","background-attachment":"scroll","background-type":"","background-media":"","overlay-type":"","overlay-color":"","overlay-opacity":"","overlay-gradient":""},"mobile":{"background-color":"","background-image":"","background-repeat":"repeat","background-position":"center center","background-size":"auto","background-attachment":"scroll","background-type":"","background-media":"","overlay-type":"","overlay-color":"","overlay-opacity":"","overlay-gradient":""}},"ast-content-background-meta":{"desktop":{"background-color":"var(--ast-global-color-5)","background-image":"","background-repeat":"repeat","background-position":"center center","background-size":"auto","background-attachment":"scroll","background-type":"","background-media":"","overlay-type":"","overlay-color":"","overlay-opacity":"","overlay-gradient":""},"tablet":{"background-color":"var(--ast-global-color-5)","background-image":"","background-repeat":"repeat","background-position":"center center","background-size":"auto","background-attachment":"scroll","background-type":"","background-media":"","overlay-type":"","overlay-color":"","overlay-opacity":"","overlay-gradient":""},"mobile":{"background-color":"var(--ast-global-color-5)","background-image":"","background-repeat":"repeat","background-position":"center center","background-size":"auto","background-attachment":"scroll","background-type":"","background-media":"","overlay-type":"","overlay-color":"","overlay-opacity":"","overlay-gradient":""}},"footnotes":""},"class_list":["post-12","page","type-page","status-publish","hentry"],"_links":{"self":[{"href":"https:\/\/friseursalon-elke.de\/index.php?rest_route=\/wp\/v2\/pages\/12","targetHints":{"allow":["GET"]}}],"collection":[{"href":"https:\/\/friseursalon-elke.de\/index.php?rest_route=\/wp\/v2\/pages"}],"about":[{"href":"https:\/\/friseursalon-elke.de\/index.php?rest_route=\/wp\/v2\/types\/page"}],"author":[{"embeddable":true,"href":"https:\/\/friseursalon-elke.de\/index.php?rest_route=\/wp\/v2\/users\/2"}],"replies":[{"embeddable":true,"href":"https:\/\/friseursalon-elke.de\/index.php?rest_route=%2Fwp%2Fv2%2Fcomments&post=12"}],"version-history":[{"count":61,"href":"https:\/\/friseursalon-elke.de\/index.php?rest_route=\/wp\/v2\/pages\/12\/revisions"}],"predecessor-version":[{"id":386,"href":"https:\/\/friseursalon-elke.de\/index.php?rest_route=\/wp\/v2\/pages\/12\/revisions\/386"}],"wp:attachment":[{"href":"https:\/\/friseursalon-elke.de\/index.php?rest_route=%2Fwp%2Fv2%2Fmedia&parent=12"}],"curies":[{"name":"wp","href":"https:\/\/api.w.org\/{rel}","templated":true}]}}