{"id":112,"date":"2018-02-05T09:02:38","date_gmt":"2018-02-05T09:02:38","guid":{"rendered":"http:\/\/friseursalon-elke.de\/?page_id=112"},"modified":"2023-07-12T11:57:34","modified_gmt":"2023-07-12T11:57:34","slug":"preise","status":"publish","type":"page","link":"https:\/\/friseursalon-elke.de\/?page_id=112","title":{"rendered":"Leistungen"},"content":{"rendered":"\n<div class=\"wp-block-columns is-layout-flex wp-container-core-columns-is-layout-28f84493 wp-block-columns-is-layout-flex\">\n<div class=\"wp-block-column is-layout-flow wp-block-column-is-layout-flow\" style=\"flex-basis:33.33%\">\n<figure class=\"wp-block-image alignright size-medium is-resized\"><img loading=\"lazy\" decoding=\"async\" src=\"https:\/\/friseursalon-elke.de\/wp-content\/uploads\/2018\/02\/DSC05758-e1519638658137-234x300.jpg\" alt=\"\" class=\"wp-image-195\" width=\"220\" height=\"282\" srcset=\"https:\/\/friseursalon-elke.de\/wp-content\/uploads\/2018\/02\/DSC05758-e1519638658137-234x300.jpg 234w, https:\/\/friseursalon-elke.de\/wp-content\/uploads\/2018\/02\/DSC05758-e1519638658137-768x984.jpg 768w, https:\/\/friseursalon-elke.de\/wp-content\/uploads\/2018\/02\/DSC05758-e1519638658137-800x1024.jpg 800w\" sizes=\"auto, (max-width: 220px) 100vw, 220px\" \/><\/figure>\n<\/div>\n\n\n\n<div class=\"wp-block-column is-layout-flow wp-block-column-is-layout-flow\" style=\"flex-basis:66.66%\">\n<p><strong>UNSER ANGBEOT F\u00dcR DAMEN:<\/strong><\/p>\n\n\n\n<ul class=\"wp-block-list\">\n<li>Schnitt mit Styling<\/li>\n\n\n\n<li>Splissschnitt<\/li>\n\n\n\n<li>Farb- und Dauerwellenbehandlung<\/li>\n\n\n\n<li>Dekoratives Make-up &amp; Gesichtsbehandlung<\/li>\n<\/ul>\n<\/div>\n<\/div>\n\n\n\n<div class=\"wp-block-columns is-layout-flex wp-container-core-columns-is-layout-28f84493 wp-block-columns-is-layout-flex\">\n<div class=\"wp-block-column is-layout-flow wp-block-column-is-layout-flow\" style=\"flex-basis:33.33%\">\n<figure class=\"wp-block-image alignright size-medium is-resized\"><img loading=\"lazy\" decoding=\"async\" src=\"https:\/\/friseursalon-elke.de\/wp-content\/uploads\/2018\/02\/Details-2-229x300.jpg\" alt=\"\" class=\"wp-image-213\" width=\"220\" height=\"288\" srcset=\"https:\/\/friseursalon-elke.de\/wp-content\/uploads\/2018\/02\/Details-2-229x300.jpg 229w, https:\/\/friseursalon-elke.de\/wp-content\/uploads\/2018\/02\/Details-2-768x1004.jpg 768w, https:\/\/friseursalon-elke.de\/wp-content\/uploads\/2018\/02\/Details-2-783x1024.jpg 783w\" sizes=\"auto, (max-width: 220px) 100vw, 220px\" \/><\/figure>\n<\/div>\n\n\n\n<div class=\"wp-block-column is-layout-flow wp-block-column-is-layout-flow\" style=\"flex-basis:66.66%\">\n<p><strong>UNSER ANGEBOT F\u00dcR HERREN:<\/strong><\/p>\n\n\n\n<ul class=\"wp-block-list\">\n<li>Schnitt mit Styling<\/li>\n\n\n\n<li>Farb- und Dauerwellenbehandlung<\/li>\n\n\n\n<li>Bartschnitt<\/li>\n<\/ul>\n<\/div>\n<\/div>\n\n\n\n<div class=\"wp-block-columns is-layout-flex wp-container-core-columns-is-layout-28f84493 wp-block-columns-is-layout-flex\">\n<div class=\"wp-block-column is-layout-flow wp-block-column-is-layout-flow\" style=\"flex-basis:33.33%\">\n<figure class=\"wp-block-image alignright size-medium\"><img loading=\"lazy\" decoding=\"async\" width=\"220\" height=\"300\" src=\"https:\/\/friseursalon-elke.de\/wp-content\/uploads\/2018\/02\/18_Mihaela_DSC05420-220x300.jpg\" alt=\"\" class=\"wp-image-196\" srcset=\"https:\/\/friseursalon-elke.de\/wp-content\/uploads\/2018\/02\/18_Mihaela_DSC05420-220x300.jpg 220w, https:\/\/friseursalon-elke.de\/wp-content\/uploads\/2018\/02\/18_Mihaela_DSC05420-768x1045.jpg 768w, https:\/\/friseursalon-elke.de\/wp-content\/uploads\/2018\/02\/18_Mihaela_DSC05420-753x1024.jpg 753w\" sizes=\"auto, (max-width: 220px) 100vw, 220px\" \/><\/figure>\n<\/div>\n\n\n\n<div class=\"wp-block-column is-layout-flow wp-block-column-is-layout-flow\" style=\"flex-basis:66.66%\">\n<p><strong>UNSER ANGEBOT AN FARBBEHANDLUNGEN:<\/strong><\/p>\n\n\n\n<ul class=\"wp-block-list\">\n<li>F\u00e4rben, Intensivt\u00f6nung, Glossing, Pastellcoloration<\/li>\n\n\n\n<li>Folienstr\u00e4hnen, Kammstr\u00e4hnen, Painting oder Balayage<\/li>\n<\/ul>\n<\/div>\n<\/div>\n\n\n\n<div class=\"wp-block-columns is-layout-flex wp-container-core-columns-is-layout-28f84493 wp-block-columns-is-layout-flex\">\n<div class=\"wp-block-column is-layout-flow wp-block-column-is-layout-flow\" style=\"flex-basis:33.33%\">\n<figure class=\"wp-block-image alignright size-medium is-resized\"><img loading=\"lazy\" decoding=\"async\" src=\"https:\/\/friseursalon-elke.de\/wp-content\/uploads\/2018\/02\/29_Tanja_DSC05686-2-200x300.jpg\" alt=\"\" class=\"wp-image-223\" width=\"220\" height=\"330\" srcset=\"https:\/\/friseursalon-elke.de\/wp-content\/uploads\/2018\/02\/29_Tanja_DSC05686-2-200x300.jpg 200w, https:\/\/friseursalon-elke.de\/wp-content\/uploads\/2018\/02\/29_Tanja_DSC05686-2-768x1154.jpg 768w, https:\/\/friseursalon-elke.de\/wp-content\/uploads\/2018\/02\/29_Tanja_DSC05686-2-682x1024.jpg 682w\" sizes=\"auto, (max-width: 220px) 100vw, 220px\" \/><\/figure>\n<\/div>\n\n\n\n<div class=\"wp-block-column is-layout-flow wp-block-column-is-layout-flow\" style=\"flex-basis:66.66%\">\n<p><strong>GESUNDE HAARE LIEGEN UNS AM HERZEN. UNSER HAARPFLEGEANGEBOT UMFASST:<\/strong><\/p>\n\n\n\n<ul class=\"wp-block-list\">\n<li>Spezialmaske<\/li>\n\n\n\n<li>Nioxin<\/li>\n\n\n\n<li>Quellkohlens\u00e4ure<\/li>\n\n\n\n<li>Wellaplex<\/li>\n\n\n\n<li>Bon-Pro-Plus<\/li>\n\n\n\n<li>&#8230; und zur Entspannung eine Kopfmassage.<\/li>\n<\/ul>\n<\/div>\n<\/div>\n\n\n\n<div class=\"wp-block-columns is-layout-flex wp-container-core-columns-is-layout-28f84493 wp-block-columns-is-layout-flex\">\n<div class=\"wp-block-column is-layout-flow wp-block-column-is-layout-flow\" style=\"flex-basis:33.33%\">\n<figure class=\"wp-block-image alignright size-medium is-resized\"><img loading=\"lazy\" decoding=\"async\" src=\"https:\/\/friseursalon-elke.de\/wp-content\/uploads\/2018\/02\/IMG-20180201-WA0010-225x300.jpg\" alt=\"\" class=\"wp-image-142\" width=\"220\" height=\"293\" srcset=\"https:\/\/friseursalon-elke.de\/wp-content\/uploads\/2018\/02\/IMG-20180201-WA0010-225x300.jpg 225w, https:\/\/friseursalon-elke.de\/wp-content\/uploads\/2018\/02\/IMG-20180201-WA0010-768x1024.jpg 768w, https:\/\/friseursalon-elke.de\/wp-content\/uploads\/2018\/02\/IMG-20180201-WA0010.jpg 780w\" sizes=\"auto, (max-width: 220px) 100vw, 220px\" \/><\/figure>\n<\/div>\n\n\n\n<div class=\"wp-block-column is-layout-flow wp-block-column-is-layout-flow\" style=\"flex-basis:66.66%\">\n<p><strong>F\u00dcR BESONDERE ANL\u00c4SSE:<\/strong><\/p>\n\n\n\n<ul class=\"wp-block-list\">\n<li>L\u00e4ssige Steckfrisuren<\/li>\n\n\n\n<li>Make-up<\/li>\n<\/ul>\n<\/div>\n<\/div>\n\n\n\n<div class=\"wp-block-columns is-layout-flex wp-container-core-columns-is-layout-28f84493 wp-block-columns-is-layout-flex\">\n<div class=\"wp-block-column is-layout-flow wp-block-column-is-layout-flow\">\n<p>Auch die Kleinsten f\u00fchlen sich bei uns wohl und bekommen einen typgerechten <strong>Kinderhaarschnitt<\/strong>.<\/p>\n<\/div>\n<\/div>\n\n\n\n<div class=\"wp-block-columns is-layout-flex wp-container-core-columns-is-layout-28f84493 wp-block-columns-is-layout-flex\"><\/div>\n\n\n\n<p class=\"has-text-align-center\"><\/p>\n","protected":false},"excerpt":{"rendered":"<p>UNSER ANGBEOT F\u00dcR DAMEN: UNSER ANGEBOT F\u00dcR HERREN: UNSER ANGEBOT AN FARBBEHANDLUNGEN: GESUNDE HAARE LIEGEN UNS AM HERZEN. UNSER HAARPFLEGEANGEBOT UMFASST: F\u00dcR BESONDERE ANL\u00c4SSE: Auch die Kleinsten f\u00fchlen sich bei uns wohl und bekommen einen typgerechten Kinderhaarschnitt.<\/p>\n","protected":false},"author":2,"featured_media":0,"parent":0,"menu_order":0,"comment_status":"closed","ping_status":"closed","template":"","meta":{"site-sidebar-layout":"default","site-content-layout":"default","ast-site-content-layout":"default","site-content-style":"default","site-sidebar-style":"default","ast-global-header-display":"","ast-banner-title-visibility":"","ast-main-header-display":"","ast-hfb-above-header-display":"","ast-hfb-below-header-display":"","ast-hfb-mobile-header-display":"","site-post-title":"disabled","ast-breadcrumbs-content":"","ast-featured-img":"","footer-sml-layout":"","ast-disable-related-posts":"","theme-transparent-header-meta":"default","adv-header-id-meta":"","stick-header-meta":"","header-above-stick-meta":"","header-main-stick-meta":"","header-below-stick-meta":"","astra-migrate-meta-layouts":"default","ast-page-background-enabled":"default","ast-page-background-meta":{"desktop":{"background-color":"","background-image":"","background-repeat":"repeat","background-position":"center center","background-size":"auto","background-attachment":"scroll","background-type":"","background-media":"","overlay-type":"","overlay-color":"","overlay-opacity":"","overlay-gradient":""},"tablet":{"background-color":"","background-image":"","background-repeat":"repeat","background-position":"center center","background-size":"auto","background-attachment":"scroll","background-type":"","background-media":"","overlay-type":"","overlay-color":"","overlay-opacity":"","overlay-gradient":""},"mobile":{"background-color":"","background-image":"","background-repeat":"repeat","background-position":"center center","background-size":"auto","background-attachment":"scroll","background-type":"","background-media":"","overlay-type":"","overlay-color":"","overlay-opacity":"","overlay-gradient":""}},"ast-content-background-meta":{"desktop":{"background-color":"var(--ast-global-color-5)","background-image":"","background-repeat":"repeat","background-position":"center center","background-size":"auto","background-attachment":"scroll","background-type":"","background-media":"","overlay-type":"","overlay-color":"","overlay-opacity":"","overlay-gradient":""},"tablet":{"background-color":"var(--ast-global-color-5)","background-image":"","background-repeat":"repeat","background-position":"center center","background-size":"auto","background-attachment":"scroll","background-type":"","background-media":"","overlay-type":"","overlay-color":"","overlay-opacity":"","overlay-gradient":""},"mobile":{"background-color":"var(--ast-global-color-5)","background-image":"","background-repeat":"repeat","background-position":"center center","background-size":"auto","background-attachment":"scroll","background-type":"","background-media":"","overlay-type":"","overlay-color":"","overlay-opacity":"","overlay-gradient":""}},"footnotes":""},"class_list":["post-112","page","type-page","status-publish","hentry"],"_links":{"self":[{"href":"https:\/\/friseursalon-elke.de\/index.php?rest_route=\/wp\/v2\/pages\/112","targetHints":{"allow":["GET"]}}],"collection":[{"href":"https:\/\/friseursalon-elke.de\/index.php?rest_route=\/wp\/v2\/pages"}],"about":[{"href":"https:\/\/friseursalon-elke.de\/index.php?rest_route=\/wp\/v2\/types\/page"}],"author":[{"embeddable":true,"href":"https:\/\/friseursalon-elke.de\/index.php?rest_route=\/wp\/v2\/users\/2"}],"replies":[{"embeddable":true,"href":"https:\/\/friseursalon-elke.de\/index.php?rest_route=%2Fwp%2Fv2%2Fcomments&post=112"}],"version-history":[{"count":41,"href":"https:\/\/friseursalon-elke.de\/index.php?rest_route=\/wp\/v2\/pages\/112\/revisions"}],"predecessor-version":[{"id":466,"href":"https:\/\/friseursalon-elke.de\/index.php?rest_route=\/wp\/v2\/pages\/112\/revisions\/466"}],"wp:attachment":[{"href":"https:\/\/friseursalon-elke.de\/index.php?rest_route=%2Fwp%2Fv2%2Fmedia&parent=112"}],"curies":[{"name":"wp","href":"https:\/\/api.w.org\/{rel}","templated":true}]}}